{"id":3478,"date":"2017-12-16T21:09:52","date_gmt":"2017-12-16T21:09:52","guid":{"rendered":"https:\/\/events.roselinedethelin.com\/paintingworkshops\/"},"modified":"2018-02-17T20:38:30","modified_gmt":"2018-02-17T20:38:30","slug":"tallerespintura","status":"publish","type":"page","link":"https:\/\/events.roselinedethelin.com\/es\/tallerespintura\/","title":{"rendered":"Talleres de Pintura"},"content":{"rendered":"<p>TALLERES DE PINTURA Y ATENCI\u00d3N PLENA<\/p>\n<p>PINTAR DESDE TU VERDAD<\/p>\n<p>IBIZA \u00a0ESPA\u00d1A 2018<\/p>\n<p>PINTAR DESDE TU VERDAD<br \/>\n\u00a0<\/p>\n<p>Duraci\u00f3n del taller: 4 d\u00edas &#8211; solo 5 participantes\u00a0<br \/>\nEste taller combina meditaciones, mirada y dibujo zen con pintura expresiva sobre papel y sobre lienzo, en el estudio y en la naturaleza.<br \/>\nEs ideal para participantes que desean desarrollar su propia forma aut\u00e9ntica de pintar y experimentar c\u00f3mo crear desde un espacio interior de conciencia.\u00a0En este proceso, aprender\u00e1 o mejorar\u00e1 tus habilidades existentes para:<\/p>\n<p>Contactar tu reserva de energ\u00eda creativa primaria y experimentar c\u00f3mo pintar desde un lugar de conciencia centrada en el cuerpo.<\/p>\n<p>Trabajar capas sucesivas en tu lienzo usando una selecci\u00f3n de herramientas y t\u00e9cnicas. Tendr\u00e1s tu propio caballete y estaci\u00f3n de pintura.<\/p>\n<p>Tener un dialogo con tu cr\u00edtico interno<\/p>\n<p>Observar como tus expectativas, tus patrones mentales e inconscientes influencian tu expresi\u00f3n art\u00edstica. Soltar la mente a favor del rendirse al proceso emergente de tu arte.<\/p>\n<p>Incorporar las fuerzas creativas del caos y el orden en tu pintura, conectar con Eros y los impulsos creativos, as\u00ed como los ciclos de deconstrucci\u00f3n y reconstrucci\u00f3n necesarios a tu evoluci\u00f3n.<\/p>\n<p>El programa est\u00e1 dirigido a adultos interesados en el arte, la creatividad y la atenci\u00f3n plena.<br \/>\nLos tiempos de creaci\u00f3n est\u00e1n dise\u00f1ados para ser inspiradores tanto para artistas como para principiantes, no se requieren habilidades especiales o experiencia.<\/p>\n<p>El estudio de Roseline ha sido la cuna de muchos proyectos art\u00edsticos y vibra con energ\u00eda creativa.<br \/>\nEl estudio es un espacio luminoso de 70 m2 con techos altos, totalmente equipado, con un \u00e1rea de campo al aire libre, perfecto para explorar todas las modalidades de la expresi\u00f3n art\u00edstica y compartir \u00edntimamente.<br \/>\nLa naturaleza es el mejor artista y la naturaleza de Ibiza es cruda, ind\u00f3mita y exquisitamente hermosa.<\/p>\n<p>Contact &#038; Booking<\/p>\n<p>Calendar<\/p>\n<p>Location<\/p>\n<p>\nPR\u00d3XIMAS FECHAS 2018\n<\/p>\n<p>Desde\u00a0miercoles 18 de Abril 18h hasta domingo 22 de Abril 14hPrecio incluyendo materiales art\u00edsticos:\u00a0450 euros<br \/>\nDesde\u00a0miercoles 2 de mayo 18h hasta domingo 6 de mayo 14hPrecio incluyendo materiales art\u00edsticos:\u00a0450 euros<br \/>\nDesde\u00a0miercoles 19 de Septiembre 18h hasta domingo 23 de septiembre 14hPrecio incluyendo materiales art\u00edsticos:\u00a0450 euros<br \/>\nDesde\u00a0miercoles 3 de octubre 18h hasta domingo 7 de\u00a0octubre\u00a014hPrecio incluyendo materiales art\u00edsticos:\u00a0450 euros<\/p>\n<p>ALOJAMIENTO<\/p>\n<p>Recomendado\u00a0Hotel Cas Catala\u00a0en Santa Eulalia del Rio, 20mn andando hacia el estudio y 4mn con coche. Recogida por la ma\u00f1ana.Comida vegetariana se puede pedir en el estudio a medio d\u00eda.Santa Eulalia del R\u00edo est\u00e1 situado en el costado noreste de la isla, es un puerto animado, con playa, restaurantes y tiendas.Para otros hoteles, preguntar por nuestra lista.<\/p>\n<p>Hotel Cas Catala<\/p>\n<p>Colaboramos \u00a0www.artistravel.eu\/en<\/p>\n<p><!-- {\"name\":\"\",\"type\":\"layout\",\"children\":[{\"name\":\"Art & Consciousness\",\"type\":\"section\",\"props\":{\"style\":\"muted\",\"width\":\"default\",\"image_size\":\"cover\",\"image_position\":\"center-center\",\"vertical_align\":\"\",\"title_position\":\"top-left\",\"title_rotation\":\"left\",\"title_breakpoint\":\"xl\",\"padding_remove_top\":false,\"padding\":\"small\",\"image\":\"wp-content\\\/uploads\\\/JustPaint.jpg\",\"height\":\"full\",\"text_color\":\"dark\",\"title\":\"\"},\"children\":[{\"name\":\"\",\"type\":\"row\",\"props\":{\"fixed_width\":\"large\",\"breakpoint\":\"m\",\"layout\":\"1-1\",\"margin\":\"small\",\"gutter\":\"small\"},\"children\":[{\"name\":\"\",\"type\":\"column\",\"props\":{\"widths\":[\"1-1\"],\"image_position\":\"center-center\",\"text_color\":\"dark\",\"style\":\"\"},\"children\":[{\"name\":\"\",\"type\":\"headline\",\"props\":{\"title_element\":\"h1\",\"title_style\":\"h1\",\"content\":\"TALLERES DE PINTURA Y ATENCI\\u00d3N PLENA\",\"text_align\":\"center\",\"title_color\":\"warning\",\"margin\":\"remove-vertical\",\"margin_remove_top\":true,\"title_decoration\":\"\"}},{\"name\":\"\",\"type\":\"headline\",\"props\":{\"title_element\":\"h3\",\"title_style\":\"heading-hero\",\"content\":\"PINTAR DESDE TU VERDAD\",\"text_align\":\"center\",\"title_color\":\"warning\",\"margin\":\"remove-vertical\",\"margin_remove_top\":true,\"title_decoration\":\"\"}},{\"name\":\"\",\"type\":\"headline\",\"props\":{\"title_element\":\"h3\",\"title_style\":\"h3\",\"content\":\"IBIZA \\u00a0ESPA\\u00d1A 2018\",\"text_align\":\"center\",\"title_color\":\"warning\",\"margin\":\"remove-vertical\",\"margin_remove_top\":true,\"title_decoration\":\"\"}}]}]}]},{\"name\":\"\",\"type\":\"section\",\"props\":{\"style\":\"default\",\"width\":\"default\",\"image_size\":\"cover\",\"image_position\":\"center-center\",\"padding\":\"small\",\"vertical_align\":\"middle\",\"title_position\":\"top-left\",\"title_rotation\":\"left\",\"title_breakpoint\":\"xl\"},\"children\":[{\"name\":\"\",\"type\":\"row\",\"props\":{\"fixed_width\":\"large\",\"breakpoint\":\"m\",\"layout\":\"1-1\",\"vertical_align\":true},\"children\":[{\"name\":\"\",\"type\":\"column\",\"props\":{\"image_position\":\"center-center\",\"widths\":[\"1-1\"]},\"children\":[{\"name\":\"\",\"type\":\"headline\",\"props\":{\"title_element\":\"h1\",\"title_style\":\"h3\",\"text_align\":\"left\",\"content\":\"\n\n<div style=\\\"text-align: justify;\\\">PINTAR DESDE TU VERDAD<\\\/div>\\n\n\n<div style=\\\"text-align: justify;\\\">\\u00a0<\\\/div>\",\"title_color\":\"primary\",\"margin\":\"remove-vertical\"}},{\"name\":\"\",\"type\":\"text\",\"props\":{\"margin\":\"small\",\"column_breakpoint\":\"m\",\"content\":\"\n\n<p style=\\\"text-align: justify;\\\">Duraci\\u00f3n del taller: 4 d\\u00edas - solo 5 participantes\\u00a0<\\\/p>\\n\n\n<p style=\\\"text-align: justify;\\\">Este taller combina meditaciones, mirada y dibujo zen con pintura expresiva sobre papel y sobre lienzo, en el estudio y en la naturaleza.<\\\/p>\\n\n\n<p style=\\\"text-align: justify;\\\">Es ideal para participantes que desean desarrollar su propia forma aut\\u00e9ntica de pintar y experimentar c\\u00f3mo crear desde un espacio interior de conciencia.\\u00a0En este proceso, aprender\\u00e1 o mejorar\\u00e1 tus habilidades existentes para:<\\\/p>\\n\n\n<ul style=\\\"text-align: justify;\\\">\\n\n\n<li>\\n\n\n<p>Contactar tu reserva de energ\\u00eda creativa primaria y experimentar c\\u00f3mo pintar desde un lugar de conciencia centrada en el cuerpo.<\\\/p>\\n<\\\/li>\\n\n\n<li>\\n\n\n<p>Trabajar capas sucesivas en tu lienzo usando una selecci\\u00f3n de herramientas y t\\u00e9cnicas. Tendr\\u00e1s tu propio caballete y estaci\\u00f3n de pintura.<\\\/p>\\n<\\\/li>\\n\n\n<li>\\n\n\n<p>Tener un dialogo con tu cr\\u00edtico interno<\\\/p>\\n<\\\/li>\\n\n\n<li>\\n\n\n<p>Observar como tus expectativas, tus patrones mentales e inconscientes influencian tu expresi\\u00f3n art\\u00edstica. Soltar la mente a favor del rendirse al proceso emergente de tu arte.<\\\/p>\\n<\\\/li>\\n\n\n<li>\\n\n\n<p>Incorporar las fuerzas creativas del caos y el orden en tu pintura, conectar con Eros y los impulsos creativos, as\\u00ed como los ciclos de deconstrucci\\u00f3n y reconstrucci\\u00f3n necesarios a tu evoluci\\u00f3n.<\\\/p>\\n<\\\/li>\\n<\\\/ul>\\n\n\n<p style=\\\"text-align: justify;\\\">El programa est\\u00e1 dirigido a adultos interesados en el arte, la creatividad y la atenci\\u00f3n plena.<\\\/p>\\n\n\n<p style=\\\"text-align: justify;\\\">Los tiempos de creaci\\u00f3n est\\u00e1n dise\\u00f1ados para ser inspiradores tanto para artistas como para principiantes, no se requieren habilidades especiales o experiencia.<\\\/p>\",\"margin_remove_top\":true}},{\"name\":\"\",\"type\":\"gallery\",\"props\":{\"show_title\":false,\"show_meta\":false,\"show_content\":false,\"show_link\":false,\"show_hover_image\":false,\"grid_default\":\"1\",\"grid_medium\":\"3\",\"overlay_mode\":\"cover\",\"overlay_hover\":false,\"overlay_style\":\"\",\"text_color\":\"light\",\"overlay_position\":\"center\",\"overlay_transition\":\"fade\",\"title_element\":\"h3\",\"meta_style\":\"meta\",\"meta_align\":\"bottom\",\"text_align\":\"center\",\"margin\":\"small\",\"grid_small\":\"1\",\"grid_large\":\"3\",\"grid_xlarge\":\"3\"},\"children\":[{\"name\":\"\",\"type\":\"gallery_item\",\"props\":{\"image\":\"wp-content\\\/uploads\\\/NewJustPaint02.jpg\"}},{\"name\":\"\",\"type\":\"gallery_item\",\"props\":{\"image\":\"wp-content\\\/uploads\\\/JustPaintFaye.jpg\"}},{\"name\":\"\",\"type\":\"gallery_item\",\"props\":{\"image\":\"wp-content\\\/uploads\\\/NewJustpaint03.jpg\"}},{\"name\":\"\",\"type\":\"gallery_item\",\"props\":{\"image\":\"wp-content\\\/uploads\\\/Life02.jpg\"}},{\"name\":\"\",\"type\":\"gallery_item\",\"props\":{\"image\":\"wp-content\\\/uploads\\\/Studio04.jpg\"}},{\"name\":\"\",\"type\":\"gallery_item\",\"props\":{\"image\":\"wp-content\\\/uploads\\\/NewJustpaint01.jpg\"}},{\"name\":\"\",\"type\":\"gallery_item\",\"props\":{\"image\":\"wp-content\\\/uploads\\\/NatureIbiza05Web.jpg\"}},{\"name\":\"\",\"type\":\"gallery_item\",\"props\":{\"image\":\"wp-content\\\/uploads\\\/Wonder06.jpg\"}},{\"name\":\"\",\"type\":\"gallery_item\",\"props\":{\"image\":\"wp-content\\\/uploads\\\/NatureIbiza04Web2.jpg\"}}]},{\"name\":\"\",\"type\":\"text\",\"props\":{\"margin\":\"small\",\"column_breakpoint\":\"m\",\"content\":\"\n\n<p style=\\\"text-align: justify;\\\">El estudio de Roseline ha sido la cuna de muchos proyectos art\\u00edsticos y vibra con energ\\u00eda creativa.<\\\/p>\\n\n\n<p style=\\\"text-align: justify;\\\">El estudio es un espacio luminoso de 70 m2 con techos altos, totalmente equipado, con un \\u00e1rea de campo al aire libre, perfecto para explorar todas las modalidades de la expresi\\u00f3n art\\u00edstica y compartir \\u00edntimamente.<\\\/p>\\n\n\n<p style=\\\"text-align: justify;\\\">La naturaleza es el mejor artista y la naturaleza de Ibiza es cruda, ind\\u00f3mita y exquisitamente hermosa.<\\\/p>\"}}]}]}]},{\"name\":\"\",\"type\":\"section\",\"props\":{\"style\":\"default\",\"width\":\"default\",\"vertical_align\":\"middle\",\"title_position\":\"top-left\",\"title_rotation\":\"left\",\"title_breakpoint\":\"xl\",\"image_position\":\"center-center\",\"padding\":\"xsmall\"},\"children\":[{\"name\":\"\",\"type\":\"row\",\"props\":{\"fixed_width\":\"large\",\"breakpoint\":\"s\",\"layout\":\",,\"},\"children\":[{\"name\":\"\",\"type\":\"column\",\"props\":{\"widths\":[\"\"],\"image_position\":\"center-center\"},\"children\":[{\"name\":\"\",\"type\":\"button\",\"props\":{\"gutter\":\"small\",\"margin\":\"remove-vertical\"},\"children\":[{\"name\":\"\",\"type\":\"button_item\",\"props\":{\"button_style\":\"muted\",\"icon_align\":\"left\",\"content\":\"Contact & Booking\",\"link\":\"https:\\\/\\\/events.roselinedethelin.com\\\/contact\\\/\"}}]}]},{\"name\":\"\",\"type\":\"column\",\"props\":{\"widths\":[\"\"],\"image_position\":\"center-center\"},\"children\":[{\"name\":\"\",\"type\":\"button\",\"props\":{\"gutter\":\"small\",\"margin\":\"remove-vertical\"},\"children\":[{\"name\":\"\",\"type\":\"button_item\",\"props\":{\"button_style\":\"muted\",\"icon_align\":\"left\",\"content\":\"Calendar\",\"link\":\"Calendar\"}}]}]},{\"name\":\"\",\"type\":\"column\",\"props\":{\"widths\":[\"\"],\"image_position\":\"center-center\"},\"children\":[{\"name\":\"\",\"type\":\"button\",\"props\":{\"gutter\":\"small\",\"margin\":\"remove-vertical\"},\"children\":[{\"name\":\"\",\"type\":\"button_item\",\"props\":{\"button_style\":\"muted\",\"icon_align\":\"left\",\"content\":\"Location\",\"link\":\"https:\\\/\\\/www.google.es\\\/maps\\\/place\\\/ROSELINE+DE+THELIN+ART+STUDIO\\\/@38.9914336,1.5180401,17z\\\/data=!3m1!4b1!4m5!3m4!1s0x12993fe26548e01b:0x81e37388eacebee4!8m2!3d38.9914336!4d1.5202288\",\"link_title\":\"Location Studio\"}}]}]}]},{\"name\":\"\",\"type\":\"row\",\"props\":{\"fixed_width\":\"large\",\"breakpoint\":\"m\",\"layout\":\"1-1\"},\"children\":[{\"name\":\"\",\"type\":\"column\",\"props\":{\"widths\":[\"1-1\"],\"image_position\":\"center-center\"},\"children\":[{\"name\":\"\",\"type\":\"headline\",\"props\":{\"title_element\":\"h1\",\"title_style\":\"h4\",\"text_align\":\"center\",\"content\":\"\n\n<div style=\\\"text-align: justify;\\\">\\n\n\n<p>PR\\u00d3XIMAS FECHAS 2018<\\\/p>\\n<\\\/div>\",\"title_color\":\"primary\",\"margin_remove_top\":true,\"margin\":\"remove-vertical\"}},{\"name\":\"\",\"type\":\"text\",\"props\":{\"margin\":\"remove-vertical\",\"column_breakpoint\":\"m\",\"content\":\"\n\n<p style=\\\"text-align: justify;\\\">Desde\\u00a0<strong>miercoles 18 de Abril 18h hasta domingo 22 de Abril 14h<\\\/strong><br \\\/>Precio incluyendo materiales art\\u00edsticos:\\u00a0<strong>450 euros<\\\/strong><\\\/p>\\n\n\n<p style=\\\"text-align: justify;\\\">Desde\\u00a0<strong>miercoles 2 de mayo 18h hasta domingo 6 de mayo 14h<\\\/strong><br \\\/>Precio incluyendo materiales art\\u00edsticos:\\u00a0<strong>450 euros<\\\/strong><\\\/p>\\n\n\n<p style=\\\"text-align: justify;\\\">Desde\\u00a0<strong>miercoles 19 de Septiembre 18h hasta domingo 23 de septiembre 14h<\\\/strong><br \\\/>Precio incluyendo materiales art\\u00edsticos:\\u00a0<strong>450 euros<\\\/strong><\\\/p>\\n\n\n<p style=\\\"text-align: justify;\\\">Desde\\u00a0<strong>miercoles 3 de octubre 18h hasta domingo 7 de\\u00a0octubre\\u00a014h<\\\/strong><br \\\/>Precio incluyendo materiales art\\u00edsticos:\\u00a0<strong>450 euros<\\\/strong><\\\/p>\"}},{\"name\":\"\",\"type\":\"headline\",\"props\":{\"title_element\":\"h1\",\"title_style\":\"h4\",\"text_align\":\"center\",\"content\":\"\n\n<div style=\\\"text-align: justify;\\\">ALOJAMIENTO<\\\/div>\",\"title_color\":\"primary\",\"margin_remove_top\":true,\"margin\":\"remove-vertical\"}},{\"name\":\"\",\"type\":\"text\",\"props\":{\"margin\":\"remove-vertical\",\"column_breakpoint\":\"m\",\"content\":\"\n\n<p style=\\\"text-align: justify;\\\">Recomendado\\u00a0<a href=\\\"https:\\\/\\\/www.cascatala.com\\\"><span style=\\\"color: #999999;\\\">Hotel Cas Catala<\\\/span><\\\/a>\\u00a0en Santa Eulalia del Rio, 20mn andando hacia el estudio y 4mn con coche. Recogida por la ma\\u00f1ana.<br \\\/>Comida vegetariana se puede pedir en el estudio a medio d\\u00eda.<br \\\/>Santa Eulalia del R\\u00edo est\\u00e1 situado en el costado noreste de la isla, es un puerto animado, con playa, restaurantes y tiendas.<br \\\/>Para otros hoteles, preguntar por nuestra lista.<\\\/p>\"}},{\"name\":\"\",\"type\":\"button\",\"props\":{\"gutter\":\"small\",\"margin\":\"remove-vertical\"},\"children\":[{\"name\":\"\",\"type\":\"button_item\",\"props\":{\"button_style\":\"muted\",\"icon_align\":\"left\",\"content\":\"Hotel Cas Catala\",\"link\":\"http:\\\/\\\/www.cascatala.com\"}}]}]}]}]},{\"name\":\"\",\"type\":\"section\",\"props\":{\"style\":\"default\",\"width\":\"default\",\"vertical_align\":\"middle\",\"title_position\":\"top-left\",\"title_rotation\":\"left\",\"title_breakpoint\":\"xl\",\"image_position\":\"center-center\"},\"children\":[{\"name\":\"\",\"type\":\"row\",\"props\":{\"fixed_width\":\"large\",\"breakpoint\":\"m\",\"layout\":\"3-4,\"},\"children\":[{\"name\":\"\",\"type\":\"column\",\"props\":{\"widths\":[\"3-4\"],\"image_position\":\"center-center\"},\"children\":[{\"name\":\"\",\"type\":\"text\",\"props\":{\"margin\":\"default\",\"column_breakpoint\":\"m\",\"content\":\"\n\n<p>Colaboramos \\u00a0<span style=\\\"color: #999999;\\\"><a style=\\\"color: #999999;\\\" href=\\\"http:\\\/\\\/www.artistravel.eu\\\/en\\\">www.artistravel.eu\\\/en<\\\/a><\\\/span><\\\/p>\"}}]},{\"name\":\"\",\"type\":\"column\",\"props\":{\"widths\":[\"\"],\"image_position\":\"center-center\"},\"children\":[{\"name\":\"\",\"type\":\"image\",\"props\":{\"margin\":\"default\",\"image\":\"wp-content\\\/uploads\\\/Artistravel-international-logo-1.png\"}}]}]}]},{\"name\":\"\",\"type\":\"section\",\"props\":{\"style\":\"default\",\"width\":\"default\",\"image_position\":\"center-center\",\"padding\":\"none\",\"vertical_align\":\"middle\",\"title_position\":\"top-left\",\"title_rotation\":\"left\",\"title_breakpoint\":\"xl\"},\"children\":[{\"name\":\"\",\"type\":\"row\",\"props\":{\"fixed_width\":\"large\",\"breakpoint\":\"m\",\"layout\":\"1-1\"},\"children\":[{\"name\":\"\",\"type\":\"column\",\"props\":{\"image_position\":\"center-center\",\"widths\":[\"1-1\"]},\"children\":[{\"name\":\"\",\"type\":\"totop\",\"props\":{\"margin\":\"remove-vertical\",\"text_align\":\"right\"}}]}]}]}]} --><\/p>\n<!-- AddThis Advanced Settings generic via filter on the_content --><!-- AddThis Share Buttons generic via filter on the_content -->","protected":false},"excerpt":{"rendered":"<p>TALLERES DE PINTURA Y ATENCI\u00d3N PLENA PINTAR DESDE TU VERDAD IBIZA \u00a0ESPA\u00d1A 2018 PINTAR DESDE TU VERDAD \u00a0 Duraci\u00f3n del taller: 4 d\u00edas &#8211; solo 5 participantes\u00a0 Este taller combina meditaciones, mirada y dibujo zen con pintura expresiva sobre papel y sobre lienzo, en el estudio y en la naturaleza. Es ideal para participantes que [&hellip;]<!-- AddThis Advanced Settings generic via filter on wp_trim_excerpt --><!-- AddThis Share Buttons generic via filter on wp_trim_excerpt --><\/p>\n","protected":false},"author":2,"featured_media":0,"parent":0,"menu_order":0,"comment_status":"closed","ping_status":"closed","template":"","meta":[],"yoast_head":"<!-- This site is optimized with the Yoast SEO plugin v19.1 - https:\/\/yoast.com\/wordpress\/plugins\/seo\/ -->\n<title>Talleres de Pintura - Roseline de Th\u00e9lin<\/title>\n<meta name=\"robots\" content=\"index, follow, max-snippet:-1, max-image-preview:large, max-video-preview:-1\" \/>\n<link rel=\"canonical\" href=\"https:\/\/events.roselinedethelin.com\/es\/tallerespintura\/\" \/>\n<meta property=\"og:locale\" content=\"es_ES\" \/>\n<meta property=\"og:type\" content=\"article\" \/>\n<meta property=\"og:title\" content=\"Talleres de Pintura - Roseline de Th\u00e9lin\" \/>\n<meta property=\"og:description\" content=\"TALLERES DE PINTURA Y ATENCI\u00d3N PLENA PINTAR DESDE TU VERDAD IBIZA \u00a0ESPA\u00d1A 2018 PINTAR DESDE TU VERDAD \u00a0 Duraci\u00f3n del taller: 4 d\u00edas &#8211; solo 5 participantes\u00a0 Este taller combina meditaciones, mirada y dibujo zen con pintura expresiva sobre papel y sobre lienzo, en el estudio y en la naturaleza. Es ideal para participantes que [&hellip;]\" \/>\n<meta property=\"og:url\" content=\"https:\/\/events.roselinedethelin.com\/es\/tallerespintura\/\" \/>\n<meta property=\"og:site_name\" content=\"Roseline de Th\u00e9lin\" \/>\n<meta property=\"article:modified_time\" content=\"2018-02-17T20:38:30+00:00\" \/>\n<meta name=\"twitter:card\" content=\"summary_large_image\" \/>\n<meta name=\"twitter:label1\" content=\"Tiempo de lectura\" \/>\n\t<meta name=\"twitter:data1\" content=\"2 minutos\" \/>\n<script type=\"application\/ld+json\" class=\"yoast-schema-graph\">{\"@context\":\"https:\/\/schema.org\",\"@graph\":[{\"@type\":\"WebSite\",\"@id\":\"https:\/\/events.roselinedethelin.com\/#website\",\"url\":\"https:\/\/events.roselinedethelin.com\/\",\"name\":\"Roseline de Th\u00e9lin\",\"description\":\"Artist, Creative life coach, Art play therapist\",\"potentialAction\":[{\"@type\":\"SearchAction\",\"target\":{\"@type\":\"EntryPoint\",\"urlTemplate\":\"https:\/\/events.roselinedethelin.com\/?s={search_term_string}\"},\"query-input\":\"required name=search_term_string\"}],\"inLanguage\":\"es\"},{\"@type\":\"WebPage\",\"@id\":\"https:\/\/events.roselinedethelin.com\/es\/tallerespintura\/#webpage\",\"url\":\"https:\/\/events.roselinedethelin.com\/es\/tallerespintura\/\",\"name\":\"Talleres de Pintura - Roseline de Th\u00e9lin\",\"isPartOf\":{\"@id\":\"https:\/\/events.roselinedethelin.com\/#website\"},\"datePublished\":\"2017-12-16T21:09:52+00:00\",\"dateModified\":\"2018-02-17T20:38:30+00:00\",\"breadcrumb\":{\"@id\":\"https:\/\/events.roselinedethelin.com\/es\/tallerespintura\/#breadcrumb\"},\"inLanguage\":\"es\",\"potentialAction\":[{\"@type\":\"ReadAction\",\"target\":[\"https:\/\/events.roselinedethelin.com\/es\/tallerespintura\/\"]}]},{\"@type\":\"BreadcrumbList\",\"@id\":\"https:\/\/events.roselinedethelin.com\/es\/tallerespintura\/#breadcrumb\",\"itemListElement\":[{\"@type\":\"ListItem\",\"position\":1,\"name\":\"Home\",\"item\":\"https:\/\/events.roselinedethelin.com\/es\/\"},{\"@type\":\"ListItem\",\"position\":2,\"name\":\"Talleres de Pintura\"}]}]}<\/script>\n<!-- \/ Yoast SEO plugin. -->","yoast_head_json":{"title":"Talleres de Pintura - Roseline de Th\u00e9lin","robots":{"index":"index","follow":"follow","max-snippet":"max-snippet:-1","max-image-preview":"max-image-preview:large","max-video-preview":"max-video-preview:-1"},"canonical":"https:\/\/events.roselinedethelin.com\/es\/tallerespintura\/","og_locale":"es_ES","og_type":"article","og_title":"Talleres de Pintura - Roseline de Th\u00e9lin","og_description":"TALLERES DE PINTURA Y ATENCI\u00d3N PLENA PINTAR DESDE TU VERDAD IBIZA \u00a0ESPA\u00d1A 2018 PINTAR DESDE TU VERDAD \u00a0 Duraci\u00f3n del taller: 4 d\u00edas &#8211; solo 5 participantes\u00a0 Este taller combina meditaciones, mirada y dibujo zen con pintura expresiva sobre papel y sobre lienzo, en el estudio y en la naturaleza. Es ideal para participantes que [&hellip;]","og_url":"https:\/\/events.roselinedethelin.com\/es\/tallerespintura\/","og_site_name":"Roseline de Th\u00e9lin","article_modified_time":"2018-02-17T20:38:30+00:00","twitter_card":"summary_large_image","twitter_misc":{"Tiempo de lectura":"2 minutos"},"schema":{"@context":"https:\/\/schema.org","@graph":[{"@type":"WebSite","@id":"https:\/\/events.roselinedethelin.com\/#website","url":"https:\/\/events.roselinedethelin.com\/","name":"Roseline de Th\u00e9lin","description":"Artist, Creative life coach, Art play therapist","potentialAction":[{"@type":"SearchAction","target":{"@type":"EntryPoint","urlTemplate":"https:\/\/events.roselinedethelin.com\/?s={search_term_string}"},"query-input":"required name=search_term_string"}],"inLanguage":"es"},{"@type":"WebPage","@id":"https:\/\/events.roselinedethelin.com\/es\/tallerespintura\/#webpage","url":"https:\/\/events.roselinedethelin.com\/es\/tallerespintura\/","name":"Talleres de Pintura - Roseline de Th\u00e9lin","isPartOf":{"@id":"https:\/\/events.roselinedethelin.com\/#website"},"datePublished":"2017-12-16T21:09:52+00:00","dateModified":"2018-02-17T20:38:30+00:00","breadcrumb":{"@id":"https:\/\/events.roselinedethelin.com\/es\/tallerespintura\/#breadcrumb"},"inLanguage":"es","potentialAction":[{"@type":"ReadAction","target":["https:\/\/events.roselinedethelin.com\/es\/tallerespintura\/"]}]},{"@type":"BreadcrumbList","@id":"https:\/\/events.roselinedethelin.com\/es\/tallerespintura\/#breadcrumb","itemListElement":[{"@type":"ListItem","position":1,"name":"Home","item":"https:\/\/events.roselinedethelin.com\/es\/"},{"@type":"ListItem","position":2,"name":"Talleres de Pintura"}]}]}},"_links":{"self":[{"href":"https:\/\/events.roselinedethelin.com\/es\/wp-json\/wp\/v2\/pages\/3478"}],"collection":[{"href":"https:\/\/events.roselinedethelin.com\/es\/wp-json\/wp\/v2\/pages"}],"about":[{"href":"https:\/\/events.roselinedethelin.com\/es\/wp-json\/wp\/v2\/types\/page"}],"author":[{"embeddable":true,"href":"https:\/\/events.roselinedethelin.com\/es\/wp-json\/wp\/v2\/users\/2"}],"replies":[{"embeddable":true,"href":"https:\/\/events.roselinedethelin.com\/es\/wp-json\/wp\/v2\/comments?post=3478"}],"version-history":[{"count":0,"href":"https:\/\/events.roselinedethelin.com\/es\/wp-json\/wp\/v2\/pages\/3478\/revisions"}],"wp:attachment":[{"href":"https:\/\/events.roselinedethelin.com\/es\/wp-json\/wp\/v2\/media?parent=3478"}],"curies":[{"name":"wp","href":"https:\/\/api.w.org\/{rel}","templated":true}]}}